{"id":2226,"date":"2025-12-12T15:41:03","date_gmt":"2025-12-12T14:41:03","guid":{"rendered":"https:\/\/shop.metropolitan.hu\/?post_type=product&#038;p=2226"},"modified":"2026-03-16T15:41:59","modified_gmt":"2026-03-16T14:41:59","slug":"szurke-jegyzetfuzet","status":"publish","type":"product","link":"https:\/\/shop.metropolitan.hu\/en\/product\/szurke-jegyzetfuzet\/","title":{"rendered":"Sz\u00fcrke jegyzetf\u00fczet"},"content":{"rendered":"<p>A5 jegyzetf\u00fczet RPET filc \u00e9s parafa bor\u00edt\u00f3val.<br data-start=\"133\" data-end=\"136\" \/>160 vonalas oldal (80 lap) \u00fajrahasznos\u00edtott pap\u00edrb\u00f3l.<br data-start=\"189\" data-end=\"192\" \/>Az els\u0151 bor\u00edt\u00f3n elasztikus tolltart\u00f3 hurokkal \u00e9s elasztikus z\u00e1r\u00f3p\u00e1nttal. K\u00f6nyvjelz\u0151 szalaggal.<br data-start=\"286\" data-end=\"289\" \/><strong data-start=\"289\" data-end=\"301\">M\u00e9retek:<\/strong> 14,5 \u00d7 1,4 \u00d7 21 cm<\/p>","protected":false},"excerpt":{"rendered":"<p>A5 jegyzetf\u00fczet RPET filc \u00e9s parafa bor\u00edt\u00f3val.160 vonalas oldal (80 lap) \u00fajrahasznos\u00edtott pap\u00edrb\u00f3l.Az els\u0151 bor\u00edt\u00f3n elasztikus tolltart\u00f3 hurokkal \u00e9s elasztikus z\u00e1r\u00f3p\u00e1nttal. K\u00f6nyvjelz\u0151 [&hellip;]<\/p>","protected":false},"featured_media":2227,"comment_status":"open","ping_status":"closed","template":"","meta":[],"product_brand":[],"product_cat":[100,98],"product_tag":[],"class_list":{"0":"post-2226","1":"product","2":"type-product","3":"status-publish","4":"has-post-thumbnail","6":"product_cat-fuzetek","7":"product_cat-irodaszerek","9":"first","10":"instock","11":"taxable","12":"shipping-taxable","13":"purchasable","14":"product-type-simple"},"_links":{"self":[{"href":"https:\/\/shop.metropolitan.hu\/en\/wp-json\/wp\/v2\/product\/2226","targetHints":{"allow":["GET"]}}],"collection":[{"href":"https:\/\/shop.metropolitan.hu\/en\/wp-json\/wp\/v2\/product"}],"about":[{"href":"https:\/\/shop.metropolitan.hu\/en\/wp-json\/wp\/v2\/types\/product"}],"replies":[{"embeddable":true,"href":"https:\/\/shop.metropolitan.hu\/en\/wp-json\/wp\/v2\/comments?post=2226"}],"version-history":[{"count":1,"href":"https:\/\/shop.metropolitan.hu\/en\/wp-json\/wp\/v2\/product\/2226\/revisions"}],"predecessor-version":[{"id":2231,"href":"https:\/\/shop.metropolitan.hu\/en\/wp-json\/wp\/v2\/product\/2226\/revisions\/2231"}],"wp:featuredmedia":[{"embeddable":true,"href":"https:\/\/shop.metropolitan.hu\/en\/wp-json\/wp\/v2\/media\/2227"}],"wp:attachment":[{"href":"https:\/\/shop.metropolitan.hu\/en\/wp-json\/wp\/v2\/media?parent=2226"}],"wp:term":[{"taxonomy":"product_brand","embeddable":true,"href":"https:\/\/shop.metropolitan.hu\/en\/wp-json\/wp\/v2\/product_brand?post=2226"},{"taxonomy":"product_cat","embeddable":true,"href":"https:\/\/shop.metropolitan.hu\/en\/wp-json\/wp\/v2\/product_cat?post=2226"},{"taxonomy":"product_tag","embeddable":true,"href":"https:\/\/shop.metropolitan.hu\/en\/wp-json\/wp\/v2\/product_tag?post=2226"}],"curies":[{"name":"wp","href":"https:\/\/api.w.org\/{rel}","templated":true}]}}