{"id":2202,"date":"2025-12-12T16:18:47","date_gmt":"2025-12-12T15:18:47","guid":{"rendered":"https:\/\/shop.metropolitan.hu\/?post_type=product&#038;p=2202"},"modified":"2026-03-27T07:50:40","modified_gmt":"2026-03-27T06:50:40","slug":"noi-pulover","status":"publish","type":"product","link":"https:\/\/shop.metropolitan.hu\/en\/product\/noi-pulover\/","title":{"rendered":"N\u0151i Pul\u00f3ver"},"content":{"rendered":"<p>280 g\/m2 80% gy\u0171r\u0171s fon\u00e1s\u00fa pamut, 20% poli\u00e9szter, laza szab\u00e1s, dupla anyag\u00fa kapucni, kenguruzseb, hengeres h\u00faz\u00f3zsin\u00f3r, bord\u00e1zott mandzsetta \u00e9s szeg\u00e9ly<br \/>\nbolyhozott bels\u0151, dupla t\u0171z\u00e9s\u0171 kivitel, 100% pamut fel\u00fclet\u0171 sz\u00f6vet.<\/p>","protected":false},"excerpt":{"rendered":"<p>280 g\/m2 80% gy\u0171r\u0171s fon\u00e1s\u00fa pamut, 20% poli\u00e9szter, laza szab\u00e1s, dupla anyag\u00fa kapucni, kenguruzseb, hengeres h\u00faz\u00f3zsin\u00f3r, bord\u00e1zott mandzsetta \u00e9s szeg\u00e9ly bolyhozott bels\u0151, [&hellip;]<\/p>","protected":false},"featured_media":1958,"comment_status":"open","ping_status":"closed","template":"","meta":[],"product_brand":[],"product_cat":[25],"product_tag":[],"class_list":{"0":"post-2202","1":"product","2":"type-product","3":"status-publish","4":"has-post-thumbnail","6":"product_cat-pulover","8":"first","9":"instock","10":"taxable","11":"shipping-taxable","12":"purchasable","13":"product-type-variable"},"_links":{"self":[{"href":"https:\/\/shop.metropolitan.hu\/en\/wp-json\/wp\/v2\/product\/2202","targetHints":{"allow":["GET"]}}],"collection":[{"href":"https:\/\/shop.metropolitan.hu\/en\/wp-json\/wp\/v2\/product"}],"about":[{"href":"https:\/\/shop.metropolitan.hu\/en\/wp-json\/wp\/v2\/types\/product"}],"replies":[{"embeddable":true,"href":"https:\/\/shop.metropolitan.hu\/en\/wp-json\/wp\/v2\/comments?post=2202"}],"version-history":[{"count":1,"href":"https:\/\/shop.metropolitan.hu\/en\/wp-json\/wp\/v2\/product\/2202\/revisions"}],"predecessor-version":[{"id":2203,"href":"https:\/\/shop.metropolitan.hu\/en\/wp-json\/wp\/v2\/product\/2202\/revisions\/2203"}],"wp:featuredmedia":[{"embeddable":true,"href":"https:\/\/shop.metropolitan.hu\/en\/wp-json\/wp\/v2\/media\/1958"}],"wp:attachment":[{"href":"https:\/\/shop.metropolitan.hu\/en\/wp-json\/wp\/v2\/media?parent=2202"}],"wp:term":[{"taxonomy":"product_brand","embeddable":true,"href":"https:\/\/shop.metropolitan.hu\/en\/wp-json\/wp\/v2\/product_brand?post=2202"},{"taxonomy":"product_cat","embeddable":true,"href":"https:\/\/shop.metropolitan.hu\/en\/wp-json\/wp\/v2\/product_cat?post=2202"},{"taxonomy":"product_tag","embeddable":true,"href":"https:\/\/shop.metropolitan.hu\/en\/wp-json\/wp\/v2\/product_tag?post=2202"}],"curies":[{"name":"wp","href":"https:\/\/api.w.org\/{rel}","templated":true}]}}