{"id":2059,"date":"2025-12-01T16:59:50","date_gmt":"2025-12-01T15:59:50","guid":{"rendered":"https:\/\/shop.metropolitan.hu\/?post_type=product&#038;p=2059"},"modified":"2026-02-04T08:34:03","modified_gmt":"2026-02-04T07:34:03","slug":"noi-polo","status":"publish","type":"product","link":"https:\/\/shop.metropolitan.hu\/en\/product\/noi-polo\/","title":{"rendered":"N\u0151i p\u00f3l\u00f3"},"content":{"rendered":"<p>100% f\u00e9lig f\u00e9s\u00fclt gy\u0171r\u0171s fon\u00e1s\u00fa pamut, nyak\u00e1n szalaggal meger\u0151s\u00edtve, elaszt\u00e1nos passz\u00e9 gall\u00e9r, r\u00f6vid ujj\u00fa, K\u00f6rk\u00f6t\u00f6tt<\/p>","protected":false},"excerpt":{"rendered":"<p>100% f\u00e9lig f\u00e9s\u00fclt gy\u0171r\u0171s fon\u00e1s\u00fa pamut, nyak\u00e1n szalaggal meger\u0151s\u00edtve, elaszt\u00e1nos passz\u00e9 gall\u00e9r, r\u00f6vid ujj\u00fa, K\u00f6rk\u00f6t\u00f6tt<\/p>","protected":false},"featured_media":1932,"comment_status":"open","ping_status":"closed","template":"","meta":[],"product_brand":[],"product_cat":[23,18],"product_tag":[],"class_list":{"0":"post-2059","1":"product","2":"type-product","3":"status-publish","4":"has-post-thumbnail","6":"product_cat-polok","7":"product_cat-ruhazat","9":"first","10":"instock","11":"taxable","12":"shipping-taxable","13":"purchasable","14":"product-type-variable"},"_links":{"self":[{"href":"https:\/\/shop.metropolitan.hu\/en\/wp-json\/wp\/v2\/product\/2059","targetHints":{"allow":["GET"]}}],"collection":[{"href":"https:\/\/shop.metropolitan.hu\/en\/wp-json\/wp\/v2\/product"}],"about":[{"href":"https:\/\/shop.metropolitan.hu\/en\/wp-json\/wp\/v2\/types\/product"}],"replies":[{"embeddable":true,"href":"https:\/\/shop.metropolitan.hu\/en\/wp-json\/wp\/v2\/comments?post=2059"}],"version-history":[{"count":2,"href":"https:\/\/shop.metropolitan.hu\/en\/wp-json\/wp\/v2\/product\/2059\/revisions"}],"predecessor-version":[{"id":2201,"href":"https:\/\/shop.metropolitan.hu\/en\/wp-json\/wp\/v2\/product\/2059\/revisions\/2201"}],"wp:featuredmedia":[{"embeddable":true,"href":"https:\/\/shop.metropolitan.hu\/en\/wp-json\/wp\/v2\/media\/1932"}],"wp:attachment":[{"href":"https:\/\/shop.metropolitan.hu\/en\/wp-json\/wp\/v2\/media?parent=2059"}],"wp:term":[{"taxonomy":"product_brand","embeddable":true,"href":"https:\/\/shop.metropolitan.hu\/en\/wp-json\/wp\/v2\/product_brand?post=2059"},{"taxonomy":"product_cat","embeddable":true,"href":"https:\/\/shop.metropolitan.hu\/en\/wp-json\/wp\/v2\/product_cat?post=2059"},{"taxonomy":"product_tag","embeddable":true,"href":"https:\/\/shop.metropolitan.hu\/en\/wp-json\/wp\/v2\/product_tag?post=2059"}],"curies":[{"name":"wp","href":"https:\/\/api.w.org\/{rel}","templated":true}]}}