{"id":2043,"date":"2025-12-01T16:39:24","date_gmt":"2025-12-01T15:39:24","guid":{"rendered":"https:\/\/shop.metropolitan.hu\/?post_type=product&#038;p=2043"},"modified":"2026-02-04T08:35:40","modified_gmt":"2026-02-04T07:35:40","slug":"ultetheto-viragmagok","status":"publish","type":"product","link":"https:\/\/shop.metropolitan.hu\/en\/product\/ultetheto-viragmagok\/","title":{"rendered":"\u00dcltethet\u0151 vir\u00e1gmagok"},"content":{"rendered":"<p>Magbomba \u00fcltet\u0151k\u00e9szlet kartondobozban.<br \/>\nBee flowers: M\u00e9hlegel\u0151 vir\u00e1gmag kever\u00e9kkel<br \/>\nHerb mix: \u00c1nizs, fekete \u00fcr\u00f6m, kapor, \u00e9desk\u00f6m\u00e9ny, kamilla \u00e9s erdei turbolya.<br \/>\nWild flowers:Vadvir\u00e1gkever\u00e9k vet\u0151magokkal<br \/>\nEU-ban gy\u00e1rtva.<br data-start=\"376\" data-end=\"379\" \/><strong data-start=\"379\" data-end=\"391\">M\u00e9retek:<\/strong> \u00d82,5 cm<\/p>","protected":false},"excerpt":{"rendered":"<p>Magbomba \u00fcltet\u0151k\u00e9szlet kartondobozban. Bee flowers: M\u00e9hlegel\u0151 vir\u00e1gmag kever\u00e9kkel Herb mix: \u00c1nizs, fekete \u00fcr\u00f6m, kapor, \u00e9desk\u00f6m\u00e9ny, kamilla \u00e9s erdei turbolya. Wild flowers:Vadvir\u00e1gkever\u00e9k vet\u0151magokkal [&hellip;]<\/p>","protected":false},"featured_media":2044,"comment_status":"open","ping_status":"closed","template":"","meta":[],"product_brand":[],"product_cat":[15],"product_tag":[],"class_list":{"0":"post-2043","1":"product","2":"type-product","3":"status-publish","4":"has-post-thumbnail","6":"product_cat-egyeb","8":"first","9":"instock","10":"taxable","11":"shipping-taxable","12":"purchasable","13":"product-type-variable"},"_links":{"self":[{"href":"https:\/\/shop.metropolitan.hu\/en\/wp-json\/wp\/v2\/product\/2043","targetHints":{"allow":["GET"]}}],"collection":[{"href":"https:\/\/shop.metropolitan.hu\/en\/wp-json\/wp\/v2\/product"}],"about":[{"href":"https:\/\/shop.metropolitan.hu\/en\/wp-json\/wp\/v2\/types\/product"}],"replies":[{"embeddable":true,"href":"https:\/\/shop.metropolitan.hu\/en\/wp-json\/wp\/v2\/comments?post=2043"}],"version-history":[{"count":3,"href":"https:\/\/shop.metropolitan.hu\/en\/wp-json\/wp\/v2\/product\/2043\/revisions"}],"predecessor-version":[{"id":2051,"href":"https:\/\/shop.metropolitan.hu\/en\/wp-json\/wp\/v2\/product\/2043\/revisions\/2051"}],"wp:featuredmedia":[{"embeddable":true,"href":"https:\/\/shop.metropolitan.hu\/en\/wp-json\/wp\/v2\/media\/2044"}],"wp:attachment":[{"href":"https:\/\/shop.metropolitan.hu\/en\/wp-json\/wp\/v2\/media?parent=2043"}],"wp:term":[{"taxonomy":"product_brand","embeddable":true,"href":"https:\/\/shop.metropolitan.hu\/en\/wp-json\/wp\/v2\/product_brand?post=2043"},{"taxonomy":"product_cat","embeddable":true,"href":"https:\/\/shop.metropolitan.hu\/en\/wp-json\/wp\/v2\/product_cat?post=2043"},{"taxonomy":"product_tag","embeddable":true,"href":"https:\/\/shop.metropolitan.hu\/en\/wp-json\/wp\/v2\/product_tag?post=2043"}],"curies":[{"name":"wp","href":"https:\/\/api.w.org\/{rel}","templated":true}]}}