{"id":2038,"date":"2025-12-01T16:34:12","date_gmt":"2025-12-01T15:34:12","guid":{"rendered":"https:\/\/shop.metropolitan.hu\/?post_type=product&#038;p=2038"},"modified":"2025-12-15T11:51:47","modified_gmt":"2025-12-15T10:51:47","slug":"growtree","status":"publish","type":"product","link":"https:\/\/shop.metropolitan.hu\/en\/product\/growtree\/","title":{"rendered":"Growtree"},"content":{"rendered":"<p data-start=\"81\" data-end=\"249\">Adj vissza egy f\u00e1t a term\u00e9szetnek.<br data-start=\"117\" data-end=\"120\" \/>A benne l\u00e9v\u0151 feny\u0151maggal (pinus nigra) egy \u00faj \u00e9letet adhatsz a bolyg\u00f3nak.<br data-start=\"191\" data-end=\"194\" \/>Az \u00fcltetett fa \u00e9vente kb. 30 cm-t n\u0151.<br data-start=\"231\" data-end=\"234\" \/>EU-ban gy\u00e1rtva.<\/p>\n<p data-start=\"251\" data-end=\"338\"><strong data-start=\"251\" data-end=\"263\">M\u00e9retek:<\/strong> 7 \u00d7 6,5 \u00d7 13 cm<\/p>","protected":false},"excerpt":{"rendered":"<p>Adj vissza egy f\u00e1t a term\u00e9szetnek.A benne l\u00e9v\u0151 feny\u0151maggal (pinus nigra) egy \u00faj \u00e9letet adhatsz a bolyg\u00f3nak.Az \u00fcltetett fa \u00e9vente kb. 30 [&hellip;]<\/p>","protected":false},"featured_media":2041,"comment_status":"open","ping_status":"closed","template":"","meta":[],"product_brand":[],"product_cat":[15],"product_tag":[],"class_list":{"0":"post-2038","1":"product","2":"type-product","3":"status-publish","4":"has-post-thumbnail","6":"product_cat-egyeb","8":"first","9":"instock","10":"taxable","11":"shipping-taxable","12":"purchasable","13":"product-type-simple"},"_links":{"self":[{"href":"https:\/\/shop.metropolitan.hu\/en\/wp-json\/wp\/v2\/product\/2038","targetHints":{"allow":["GET"]}}],"collection":[{"href":"https:\/\/shop.metropolitan.hu\/en\/wp-json\/wp\/v2\/product"}],"about":[{"href":"https:\/\/shop.metropolitan.hu\/en\/wp-json\/wp\/v2\/types\/product"}],"replies":[{"embeddable":true,"href":"https:\/\/shop.metropolitan.hu\/en\/wp-json\/wp\/v2\/comments?post=2038"}],"version-history":[{"count":1,"href":"https:\/\/shop.metropolitan.hu\/en\/wp-json\/wp\/v2\/product\/2038\/revisions"}],"predecessor-version":[{"id":2042,"href":"https:\/\/shop.metropolitan.hu\/en\/wp-json\/wp\/v2\/product\/2038\/revisions\/2042"}],"wp:featuredmedia":[{"embeddable":true,"href":"https:\/\/shop.metropolitan.hu\/en\/wp-json\/wp\/v2\/media\/2041"}],"wp:attachment":[{"href":"https:\/\/shop.metropolitan.hu\/en\/wp-json\/wp\/v2\/media?parent=2038"}],"wp:term":[{"taxonomy":"product_brand","embeddable":true,"href":"https:\/\/shop.metropolitan.hu\/en\/wp-json\/wp\/v2\/product_brand?post=2038"},{"taxonomy":"product_cat","embeddable":true,"href":"https:\/\/shop.metropolitan.hu\/en\/wp-json\/wp\/v2\/product_cat?post=2038"},{"taxonomy":"product_tag","embeddable":true,"href":"https:\/\/shop.metropolitan.hu\/en\/wp-json\/wp\/v2\/product_tag?post=2038"}],"curies":[{"name":"wp","href":"https:\/\/api.w.org\/{rel}","templated":true}]}}