{"id":2034,"date":"2025-12-01T16:28:58","date_gmt":"2025-12-01T15:28:58","guid":{"rendered":"https:\/\/shop.metropolitan.hu\/?post_type=product&#038;p=2034"},"modified":"2026-02-04T08:37:18","modified_gmt":"2026-02-04T07:37:18","slug":"esernyo","status":"publish","type":"product","link":"https:\/\/shop.metropolitan.hu\/en\/product\/esernyo\/","title":{"rendered":"Eserny\u0151"},"content":{"rendered":"<p data-start=\"77\" data-end=\"189\">23 colos manu\u00e1lis eserny\u0151 190T poli\u00e9szter anyagb\u00f3l.<br data-start=\"128\" data-end=\"131\" \/>Fa markolat, r\u00fad \u00e9s cs\u00facsok.<br data-start=\"159\" data-end=\"162\" \/>Fekete bevonat\u00fa f\u00e9m bord\u00e1k.<\/p>\n<p data-start=\"191\" data-end=\"280\"><strong data-start=\"191\" data-end=\"203\">M\u00e9retek:<\/strong> \u00d8103 \u00d7 89,5 cm<\/p>","protected":false},"excerpt":{"rendered":"<p>23 colos manu\u00e1lis eserny\u0151<\/p>","protected":false},"featured_media":2035,"comment_status":"open","ping_status":"closed","template":"","meta":[],"product_brand":[],"product_cat":[113],"product_tag":[],"class_list":{"0":"post-2034","1":"product","2":"type-product","3":"status-publish","4":"has-post-thumbnail","6":"product_cat-kiegeszitok","8":"first","9":"instock","10":"taxable","11":"shipping-taxable","12":"purchasable","13":"product-type-simple"},"_links":{"self":[{"href":"https:\/\/shop.metropolitan.hu\/en\/wp-json\/wp\/v2\/product\/2034","targetHints":{"allow":["GET"]}}],"collection":[{"href":"https:\/\/shop.metropolitan.hu\/en\/wp-json\/wp\/v2\/product"}],"about":[{"href":"https:\/\/shop.metropolitan.hu\/en\/wp-json\/wp\/v2\/types\/product"}],"replies":[{"embeddable":true,"href":"https:\/\/shop.metropolitan.hu\/en\/wp-json\/wp\/v2\/comments?post=2034"}],"version-history":[{"count":3,"href":"https:\/\/shop.metropolitan.hu\/en\/wp-json\/wp\/v2\/product\/2034\/revisions"}],"predecessor-version":[{"id":2146,"href":"https:\/\/shop.metropolitan.hu\/en\/wp-json\/wp\/v2\/product\/2034\/revisions\/2146"}],"wp:featuredmedia":[{"embeddable":true,"href":"https:\/\/shop.metropolitan.hu\/en\/wp-json\/wp\/v2\/media\/2035"}],"wp:attachment":[{"href":"https:\/\/shop.metropolitan.hu\/en\/wp-json\/wp\/v2\/media?parent=2034"}],"wp:term":[{"taxonomy":"product_brand","embeddable":true,"href":"https:\/\/shop.metropolitan.hu\/en\/wp-json\/wp\/v2\/product_brand?post=2034"},{"taxonomy":"product_cat","embeddable":true,"href":"https:\/\/shop.metropolitan.hu\/en\/wp-json\/wp\/v2\/product_cat?post=2034"},{"taxonomy":"product_tag","embeddable":true,"href":"https:\/\/shop.metropolitan.hu\/en\/wp-json\/wp\/v2\/product_tag?post=2034"}],"curies":[{"name":"wp","href":"https:\/\/api.w.org\/{rel}","templated":true}]}}