{"id":2029,"date":"2025-12-01T16:24:02","date_gmt":"2025-12-01T15:24:02","guid":{"rendered":"https:\/\/shop.metropolitan.hu\/?post_type=product&#038;p=2029"},"modified":"2025-12-15T11:51:47","modified_gmt":"2025-12-15T10:51:47","slug":"utazotaska","status":"publish","type":"product","link":"https:\/\/shop.metropolitan.hu\/en\/product\/utazotaska\/","title":{"rendered":"Utaz\u00f3t\u00e1ska"},"content":{"rendered":"<p data-start=\"75\" data-end=\"257\">Sport- vagy utaz\u00f3t\u00e1ska cipz\u00e1ras oldals\u00f3 rekesszel \u00e9s cipz\u00e1ras bels\u0151 zsebbel, 320 g\/m\u00b2 vastag \u00fajrahasznos\u00edtott pamutb\u00f3l (80%) \u00e9s \u00fajrahasznos\u00edtott poli\u00e9szterb\u0151l (20%), hossz\u00fa f\u00fclekkel.<\/p>\n<p data-start=\"259\" data-end=\"345\"><strong data-start=\"259\" data-end=\"271\">M\u00e9retek:<\/strong> 50 \u00d7 25 \u00d7 25 cm<\/p>","protected":false},"excerpt":{"rendered":"<p>Sport- vagy utaz\u00f3t\u00e1ska cipz\u00e1ras oldals\u00f3 rekesszel \u00e9s cipz\u00e1ras bels\u0151 zsebbel, 320 g\/m\u00b2 vastag \u00fajrahasznos\u00edtott pamutb\u00f3l (80%) \u00e9s \u00fajrahasznos\u00edtott poli\u00e9szterb\u0151l (20%), hossz\u00fa f\u00fclekkel. [&hellip;]<\/p>","protected":false},"featured_media":2032,"comment_status":"open","ping_status":"closed","template":"","meta":[],"product_brand":[],"product_cat":[132],"product_tag":[],"class_list":{"0":"post-2029","1":"product","2":"type-product","3":"status-publish","4":"has-post-thumbnail","6":"product_cat-taskak","8":"first","9":"instock","10":"taxable","11":"shipping-taxable","12":"purchasable","13":"product-type-simple"},"_links":{"self":[{"href":"https:\/\/shop.metropolitan.hu\/en\/wp-json\/wp\/v2\/product\/2029","targetHints":{"allow":["GET"]}}],"collection":[{"href":"https:\/\/shop.metropolitan.hu\/en\/wp-json\/wp\/v2\/product"}],"about":[{"href":"https:\/\/shop.metropolitan.hu\/en\/wp-json\/wp\/v2\/types\/product"}],"replies":[{"embeddable":true,"href":"https:\/\/shop.metropolitan.hu\/en\/wp-json\/wp\/v2\/comments?post=2029"}],"version-history":[{"count":1,"href":"https:\/\/shop.metropolitan.hu\/en\/wp-json\/wp\/v2\/product\/2029\/revisions"}],"predecessor-version":[{"id":2033,"href":"https:\/\/shop.metropolitan.hu\/en\/wp-json\/wp\/v2\/product\/2029\/revisions\/2033"}],"wp:featuredmedia":[{"embeddable":true,"href":"https:\/\/shop.metropolitan.hu\/en\/wp-json\/wp\/v2\/media\/2032"}],"wp:attachment":[{"href":"https:\/\/shop.metropolitan.hu\/en\/wp-json\/wp\/v2\/media?parent=2029"}],"wp:term":[{"taxonomy":"product_brand","embeddable":true,"href":"https:\/\/shop.metropolitan.hu\/en\/wp-json\/wp\/v2\/product_brand?post=2029"},{"taxonomy":"product_cat","embeddable":true,"href":"https:\/\/shop.metropolitan.hu\/en\/wp-json\/wp\/v2\/product_cat?post=2029"},{"taxonomy":"product_tag","embeddable":true,"href":"https:\/\/shop.metropolitan.hu\/en\/wp-json\/wp\/v2\/product_tag?post=2029"}],"curies":[{"name":"wp","href":"https:\/\/api.w.org\/{rel}","templated":true}]}}