{"id":2018,"date":"2025-12-01T16:15:10","date_gmt":"2025-12-01T15:15:10","guid":{"rendered":"https:\/\/shop.metropolitan.hu\/?post_type=product&#038;p=2018"},"modified":"2026-02-04T08:38:25","modified_gmt":"2026-02-04T07:38:25","slug":"retro-keramia-bogre","status":"publish","type":"product","link":"https:\/\/shop.metropolitan.hu\/en\/product\/retro-keramia-bogre\/","title":{"rendered":"Retr\u00f3 ker\u00e1mia b\u00f6gre"},"content":{"rendered":"<p>Ker\u00e1mia, retr\u00f3 st\u00edlus\u00fa b\u00f6gre matt sz\u00ednben.<br data-start=\"122\" data-end=\"125\" \/>\u0170rtartalom: 300 ml.<\/p>","protected":false},"excerpt":{"rendered":"<p>Ker\u00e1mia, retr\u00f3 st\u00edlus\u00fa b\u00f6gre matt sz\u00ednben.\u0170rtartalom: 300 ml.<\/p>","protected":false},"featured_media":2023,"comment_status":"open","ping_status":"closed","template":"","meta":[],"product_brand":[],"product_cat":[166,165],"product_tag":[],"class_list":{"0":"post-2018","1":"product","2":"type-product","3":"status-publish","4":"has-post-thumbnail","6":"product_cat-bogrek","7":"product_cat-bogrek-kulacsok","9":"first","10":"instock","11":"taxable","12":"shipping-taxable","13":"purchasable","14":"product-type-variable"},"_links":{"self":[{"href":"https:\/\/shop.metropolitan.hu\/en\/wp-json\/wp\/v2\/product\/2018","targetHints":{"allow":["GET"]}}],"collection":[{"href":"https:\/\/shop.metropolitan.hu\/en\/wp-json\/wp\/v2\/product"}],"about":[{"href":"https:\/\/shop.metropolitan.hu\/en\/wp-json\/wp\/v2\/types\/product"}],"replies":[{"embeddable":true,"href":"https:\/\/shop.metropolitan.hu\/en\/wp-json\/wp\/v2\/comments?post=2018"}],"version-history":[{"count":2,"href":"https:\/\/shop.metropolitan.hu\/en\/wp-json\/wp\/v2\/product\/2018\/revisions"}],"predecessor-version":[{"id":2234,"href":"https:\/\/shop.metropolitan.hu\/en\/wp-json\/wp\/v2\/product\/2018\/revisions\/2234"}],"wp:featuredmedia":[{"embeddable":true,"href":"https:\/\/shop.metropolitan.hu\/en\/wp-json\/wp\/v2\/media\/2023"}],"wp:attachment":[{"href":"https:\/\/shop.metropolitan.hu\/en\/wp-json\/wp\/v2\/media?parent=2018"}],"wp:term":[{"taxonomy":"product_brand","embeddable":true,"href":"https:\/\/shop.metropolitan.hu\/en\/wp-json\/wp\/v2\/product_brand?post=2018"},{"taxonomy":"product_cat","embeddable":true,"href":"https:\/\/shop.metropolitan.hu\/en\/wp-json\/wp\/v2\/product_cat?post=2018"},{"taxonomy":"product_tag","embeddable":true,"href":"https:\/\/shop.metropolitan.hu\/en\/wp-json\/wp\/v2\/product_tag?post=2018"}],"curies":[{"name":"wp","href":"https:\/\/api.w.org\/{rel}","templated":true}]}}