{"id":2010,"date":"2025-12-01T16:07:43","date_gmt":"2025-12-01T15:07:43","guid":{"rendered":"https:\/\/shop.metropolitan.hu\/?post_type=product&#038;p=2010"},"modified":"2026-04-26T19:01:44","modified_gmt":"2026-04-26T17:01:44","slug":"kek-bogre","status":"publish","type":"product","link":"https:\/\/shop.metropolitan.hu\/en\/product\/kek-bogre\/","title":{"rendered":"T\u00fcrkiz b\u00f6gre"},"content":{"rendered":"<p data-start=\"69\" data-end=\"120\">Ker\u00e1mia, rak\u00e1solhat\u00f3 b\u00f6gre.<br data-start=\"96\" data-end=\"99\" \/>\u0170rtartalom: 170 ml.<\/p>","protected":false},"excerpt":{"rendered":"<p>Ker\u00e1mia, rak\u00e1solhat\u00f3 b\u00f6gre.\u0170rtartalom: 170 ml.<\/p>","protected":false},"featured_media":2011,"comment_status":"open","ping_status":"closed","template":"","meta":[],"product_brand":[],"product_cat":[166,165],"product_tag":[],"class_list":{"0":"post-2010","1":"product","2":"type-product","3":"status-publish","4":"has-post-thumbnail","6":"product_cat-bogrek","7":"product_cat-bogrek-kulacsok","9":"first","10":"instock","11":"taxable","12":"shipping-taxable","13":"purchasable","14":"product-type-variable"},"_links":{"self":[{"href":"https:\/\/shop.metropolitan.hu\/en\/wp-json\/wp\/v2\/product\/2010","targetHints":{"allow":["GET"]}}],"collection":[{"href":"https:\/\/shop.metropolitan.hu\/en\/wp-json\/wp\/v2\/product"}],"about":[{"href":"https:\/\/shop.metropolitan.hu\/en\/wp-json\/wp\/v2\/types\/product"}],"replies":[{"embeddable":true,"href":"https:\/\/shop.metropolitan.hu\/en\/wp-json\/wp\/v2\/comments?post=2010"}],"version-history":[{"count":3,"href":"https:\/\/shop.metropolitan.hu\/en\/wp-json\/wp\/v2\/product\/2010\/revisions"}],"predecessor-version":[{"id":2019,"href":"https:\/\/shop.metropolitan.hu\/en\/wp-json\/wp\/v2\/product\/2010\/revisions\/2019"}],"wp:featuredmedia":[{"embeddable":true,"href":"https:\/\/shop.metropolitan.hu\/en\/wp-json\/wp\/v2\/media\/2011"}],"wp:attachment":[{"href":"https:\/\/shop.metropolitan.hu\/en\/wp-json\/wp\/v2\/media?parent=2010"}],"wp:term":[{"taxonomy":"product_brand","embeddable":true,"href":"https:\/\/shop.metropolitan.hu\/en\/wp-json\/wp\/v2\/product_brand?post=2010"},{"taxonomy":"product_cat","embeddable":true,"href":"https:\/\/shop.metropolitan.hu\/en\/wp-json\/wp\/v2\/product_cat?post=2010"},{"taxonomy":"product_tag","embeddable":true,"href":"https:\/\/shop.metropolitan.hu\/en\/wp-json\/wp\/v2\/product_tag?post=2010"}],"curies":[{"name":"wp","href":"https:\/\/api.w.org\/{rel}","templated":true}]}}