{"id":2004,"date":"2025-12-01T15:54:55","date_gmt":"2025-12-01T14:54:55","guid":{"rendered":"https:\/\/shop.metropolitan.hu\/?post_type=product&#038;p=2004"},"modified":"2025-12-15T13:37:04","modified_gmt":"2025-12-15T12:37:04","slug":"uveg-palack","status":"publish","type":"product","link":"https:\/\/shop.metropolitan.hu\/en\/product\/uveg-palack\/","title":{"rendered":"\u00dcveg palack"},"content":{"rendered":"<p>Matt \u00fcveg palack bambusz fed\u00e9llel.<br data-start=\"109\" data-end=\"112\" \/>Sziv\u00e1rg\u00e1smentes.<br data-start=\"128\" data-end=\"131\" \/>\u0170rtartalom: 500 ml.<\/p>","protected":false},"excerpt":{"rendered":"<p>Matt \u00fcveg palack bambusz fed\u00e9llel.Sziv\u00e1rg\u00e1smentes.\u0170rtartalom: 500 ml.<\/p>","protected":false},"featured_media":2006,"comment_status":"open","ping_status":"closed","template":"","meta":[],"product_brand":[],"product_cat":[165,167],"product_tag":[],"class_list":{"0":"post-2004","1":"product","2":"type-product","3":"status-publish","4":"has-post-thumbnail","6":"product_cat-bogrek-kulacsok","7":"product_cat-kulacsok","9":"first","10":"instock","11":"taxable","12":"shipping-taxable","13":"purchasable","14":"product-type-simple"},"_links":{"self":[{"href":"https:\/\/shop.metropolitan.hu\/en\/wp-json\/wp\/v2\/product\/2004","targetHints":{"allow":["GET"]}}],"collection":[{"href":"https:\/\/shop.metropolitan.hu\/en\/wp-json\/wp\/v2\/product"}],"about":[{"href":"https:\/\/shop.metropolitan.hu\/en\/wp-json\/wp\/v2\/types\/product"}],"replies":[{"embeddable":true,"href":"https:\/\/shop.metropolitan.hu\/en\/wp-json\/wp\/v2\/comments?post=2004"}],"version-history":[{"count":2,"href":"https:\/\/shop.metropolitan.hu\/en\/wp-json\/wp\/v2\/product\/2004\/revisions"}],"predecessor-version":[{"id":2085,"href":"https:\/\/shop.metropolitan.hu\/en\/wp-json\/wp\/v2\/product\/2004\/revisions\/2085"}],"wp:featuredmedia":[{"embeddable":true,"href":"https:\/\/shop.metropolitan.hu\/en\/wp-json\/wp\/v2\/media\/2006"}],"wp:attachment":[{"href":"https:\/\/shop.metropolitan.hu\/en\/wp-json\/wp\/v2\/media?parent=2004"}],"wp:term":[{"taxonomy":"product_brand","embeddable":true,"href":"https:\/\/shop.metropolitan.hu\/en\/wp-json\/wp\/v2\/product_brand?post=2004"},{"taxonomy":"product_cat","embeddable":true,"href":"https:\/\/shop.metropolitan.hu\/en\/wp-json\/wp\/v2\/product_cat?post=2004"},{"taxonomy":"product_tag","embeddable":true,"href":"https:\/\/shop.metropolitan.hu\/en\/wp-json\/wp\/v2\/product_tag?post=2004"}],"curies":[{"name":"wp","href":"https:\/\/api.w.org\/{rel}","templated":true}]}}