{"id":1999,"date":"2025-12-01T15:52:11","date_gmt":"2025-12-01T14:52:11","guid":{"rendered":"https:\/\/shop.metropolitan.hu\/?post_type=product&#038;p=1999"},"modified":"2026-04-26T19:01:44","modified_gmt":"2026-04-26T17:01:44","slug":"parafa-golyostoll","status":"publish","type":"product","link":"https:\/\/shop.metropolitan.hu\/en\/product\/parafa-golyostoll\/","title":{"rendered":"Parafa goly\u00f3stoll"},"content":{"rendered":"<p>Nyom\u00f3gombos goly\u00f3stoll parafa tolltesttel, k\u00f6rnyezetbar\u00e1t b\u00fazaszalma (50%) \u00e9s ABS m\u0171anyag (50%) szerelv\u00e9nyekkel.<br data-start=\"180\" data-end=\"183\" \/>K\u00e9ken \u00edr\u00f3 bet\u00e9ttel.<\/p>","protected":false},"excerpt":{"rendered":"<p>Nyom\u00f3gombos goly\u00f3stoll parafa tolltesttel, k\u00f6rnyezetbar\u00e1t b\u00fazaszalma (50%) \u00e9s ABS m\u0171anyag (50%) szerelv\u00e9nyekkel.K\u00e9ken \u00edr\u00f3 bet\u00e9ttel.<\/p>","protected":false},"featured_media":2001,"comment_status":"open","ping_status":"closed","template":"","meta":[],"product_brand":[],"product_cat":[98,99],"product_tag":[],"class_list":{"0":"post-1999","1":"product","2":"type-product","3":"status-publish","4":"has-post-thumbnail","6":"product_cat-irodaszerek","7":"product_cat-tollak","9":"first","10":"instock","11":"taxable","12":"shipping-taxable","13":"purchasable","14":"product-type-simple"},"_links":{"self":[{"href":"https:\/\/shop.metropolitan.hu\/en\/wp-json\/wp\/v2\/product\/1999","targetHints":{"allow":["GET"]}}],"collection":[{"href":"https:\/\/shop.metropolitan.hu\/en\/wp-json\/wp\/v2\/product"}],"about":[{"href":"https:\/\/shop.metropolitan.hu\/en\/wp-json\/wp\/v2\/types\/product"}],"replies":[{"embeddable":true,"href":"https:\/\/shop.metropolitan.hu\/en\/wp-json\/wp\/v2\/comments?post=1999"}],"version-history":[{"count":2,"href":"https:\/\/shop.metropolitan.hu\/en\/wp-json\/wp\/v2\/product\/1999\/revisions"}],"predecessor-version":[{"id":2157,"href":"https:\/\/shop.metropolitan.hu\/en\/wp-json\/wp\/v2\/product\/1999\/revisions\/2157"}],"wp:featuredmedia":[{"embeddable":true,"href":"https:\/\/shop.metropolitan.hu\/en\/wp-json\/wp\/v2\/media\/2001"}],"wp:attachment":[{"href":"https:\/\/shop.metropolitan.hu\/en\/wp-json\/wp\/v2\/media?parent=1999"}],"wp:term":[{"taxonomy":"product_brand","embeddable":true,"href":"https:\/\/shop.metropolitan.hu\/en\/wp-json\/wp\/v2\/product_brand?post=1999"},{"taxonomy":"product_cat","embeddable":true,"href":"https:\/\/shop.metropolitan.hu\/en\/wp-json\/wp\/v2\/product_cat?post=1999"},{"taxonomy":"product_tag","embeddable":true,"href":"https:\/\/shop.metropolitan.hu\/en\/wp-json\/wp\/v2\/product_tag?post=1999"}],"curies":[{"name":"wp","href":"https:\/\/api.w.org\/{rel}","templated":true}]}}