{"id":1994,"date":"2025-12-01T15:45:56","date_gmt":"2025-12-01T14:45:56","guid":{"rendered":"https:\/\/shop.metropolitan.hu\/?post_type=product&#038;p=1994"},"modified":"2026-03-16T15:41:59","modified_gmt":"2026-03-16T14:41:59","slug":"penever","status":"publish","type":"product","link":"https:\/\/shop.metropolitan.hu\/en\/product\/penever\/","title":{"rendered":"Penever"},"content":{"rendered":"<p>fekete \u00edr\u00f3 ceruza hat\u00e1s\u00fa, hosszantart\u00f3, \u00fajrahasznos\u00edtott alum\u00edniumb\u00f3l k\u00e9sz\u00fclt tintamentes toll.<br data-start=\"180\" data-end=\"183\" \/>A toll grafit hegy\u00e9vel \u00edr. M\u0171anyag r\u00e9szekkel.<\/p>","protected":false},"excerpt":{"rendered":"<p>fekete \u00edr\u00f3 ceruza hat\u00e1s\u00fa, hosszantart\u00f3, \u00fajrahasznos\u00edtott alum\u00edniumb\u00f3l k\u00e9sz\u00fclt tintamentes toll.A toll grafit hegy\u00e9vel \u00edr. M\u0171anyag r\u00e9szekkel.<\/p>","protected":false},"featured_media":1997,"comment_status":"open","ping_status":"closed","template":"","meta":[],"product_brand":[],"product_cat":[98,99],"product_tag":[],"class_list":{"0":"post-1994","1":"product","2":"type-product","3":"status-publish","4":"has-post-thumbnail","6":"product_cat-irodaszerek","7":"product_cat-tollak","9":"first","10":"instock","11":"taxable","12":"shipping-taxable","13":"purchasable","14":"product-type-simple"},"_links":{"self":[{"href":"https:\/\/shop.metropolitan.hu\/en\/wp-json\/wp\/v2\/product\/1994","targetHints":{"allow":["GET"]}}],"collection":[{"href":"https:\/\/shop.metropolitan.hu\/en\/wp-json\/wp\/v2\/product"}],"about":[{"href":"https:\/\/shop.metropolitan.hu\/en\/wp-json\/wp\/v2\/types\/product"}],"replies":[{"embeddable":true,"href":"https:\/\/shop.metropolitan.hu\/en\/wp-json\/wp\/v2\/comments?post=1994"}],"version-history":[{"count":2,"href":"https:\/\/shop.metropolitan.hu\/en\/wp-json\/wp\/v2\/product\/1994\/revisions"}],"predecessor-version":[{"id":2158,"href":"https:\/\/shop.metropolitan.hu\/en\/wp-json\/wp\/v2\/product\/1994\/revisions\/2158"}],"wp:featuredmedia":[{"embeddable":true,"href":"https:\/\/shop.metropolitan.hu\/en\/wp-json\/wp\/v2\/media\/1997"}],"wp:attachment":[{"href":"https:\/\/shop.metropolitan.hu\/en\/wp-json\/wp\/v2\/media?parent=1994"}],"wp:term":[{"taxonomy":"product_brand","embeddable":true,"href":"https:\/\/shop.metropolitan.hu\/en\/wp-json\/wp\/v2\/product_brand?post=1994"},{"taxonomy":"product_cat","embeddable":true,"href":"https:\/\/shop.metropolitan.hu\/en\/wp-json\/wp\/v2\/product_cat?post=1994"},{"taxonomy":"product_tag","embeddable":true,"href":"https:\/\/shop.metropolitan.hu\/en\/wp-json\/wp\/v2\/product_tag?post=1994"}],"curies":[{"name":"wp","href":"https:\/\/api.w.org\/{rel}","templated":true}]}}