{"id":1984,"date":"2025-12-01T14:54:09","date_gmt":"2025-12-01T13:54:09","guid":{"rendered":"https:\/\/shop.metropolitan.hu\/?post_type=product&#038;p=1984"},"modified":"2025-12-15T11:51:46","modified_gmt":"2025-12-15T10:51:46","slug":"adapter-pak","status":"publish","type":"product","link":"https:\/\/shop.metropolitan.hu\/en\/product\/adapter-pak\/","title":{"rendered":"Kulcstart\u00f3 adapter pak"},"content":{"rendered":"<p>Kulcstart\u00f3 4 az 1-ben, 60W t\u00f6lt\u0151k\u00e1bellel, bambusz r\u00e9szletekkel.<br data-start=\"127\" data-end=\"130\" \/>Bemenet: 2 az 1-ben C-t\u00edpus\u00fa \u00e9s USB-A.<br data-start=\"168\" data-end=\"171\" \/>Kimenet: okos\u00f3ra t\u00f6lt\u00e9s (Samsung\u00ae \u00e9s Apple\u00ae), C-t\u00edpus\u00fa \u00e9s mikro-B (2 az 1-ben).<br data-start=\"250\" data-end=\"253\" \/><strong data-start=\"253\" data-end=\"265\">M\u00e9retek:<\/strong> 4,4\u00d71,3\u00d726,8 cm<\/p>","protected":false},"excerpt":{"rendered":"<p>Kulcstart\u00f3 4 az 1-ben, 60W t\u00f6lt\u0151k\u00e1bellel, bambusz r\u00e9szletekkel.Bemenet: 2 az 1-ben C-t\u00edpus\u00fa \u00e9s USB-A.Kimenet: okos\u00f3ra t\u00f6lt\u00e9s (Samsung\u00ae \u00e9s Apple\u00ae), C-t\u00edpus\u00fa \u00e9s mikro-B [&hellip;]<\/p>","protected":false},"featured_media":1985,"comment_status":"open","ping_status":"closed","template":"","meta":[],"product_brand":[],"product_cat":[15],"product_tag":[],"class_list":{"0":"post-1984","1":"product","2":"type-product","3":"status-publish","4":"has-post-thumbnail","6":"product_cat-egyeb","8":"first","9":"instock","10":"taxable","11":"shipping-taxable","12":"purchasable","13":"product-type-simple"},"_links":{"self":[{"href":"https:\/\/shop.metropolitan.hu\/en\/wp-json\/wp\/v2\/product\/1984","targetHints":{"allow":["GET"]}}],"collection":[{"href":"https:\/\/shop.metropolitan.hu\/en\/wp-json\/wp\/v2\/product"}],"about":[{"href":"https:\/\/shop.metropolitan.hu\/en\/wp-json\/wp\/v2\/types\/product"}],"replies":[{"embeddable":true,"href":"https:\/\/shop.metropolitan.hu\/en\/wp-json\/wp\/v2\/comments?post=1984"}],"version-history":[{"count":3,"href":"https:\/\/shop.metropolitan.hu\/en\/wp-json\/wp\/v2\/product\/1984\/revisions"}],"predecessor-version":[{"id":2077,"href":"https:\/\/shop.metropolitan.hu\/en\/wp-json\/wp\/v2\/product\/1984\/revisions\/2077"}],"wp:featuredmedia":[{"embeddable":true,"href":"https:\/\/shop.metropolitan.hu\/en\/wp-json\/wp\/v2\/media\/1985"}],"wp:attachment":[{"href":"https:\/\/shop.metropolitan.hu\/en\/wp-json\/wp\/v2\/media?parent=1984"}],"wp:term":[{"taxonomy":"product_brand","embeddable":true,"href":"https:\/\/shop.metropolitan.hu\/en\/wp-json\/wp\/v2\/product_brand?post=1984"},{"taxonomy":"product_cat","embeddable":true,"href":"https:\/\/shop.metropolitan.hu\/en\/wp-json\/wp\/v2\/product_cat?post=1984"},{"taxonomy":"product_tag","embeddable":true,"href":"https:\/\/shop.metropolitan.hu\/en\/wp-json\/wp\/v2\/product_tag?post=1984"}],"curies":[{"name":"wp","href":"https:\/\/api.w.org\/{rel}","templated":true}]}}