{"id":1956,"date":"2025-12-01T14:51:45","date_gmt":"2025-12-01T13:51:45","guid":{"rendered":"https:\/\/shop.metropolitan.hu\/?post_type=product&#038;p=1956"},"modified":"2026-05-09T14:38:58","modified_gmt":"2026-05-09T12:38:58","slug":"pulover","status":"publish","type":"product","link":"https:\/\/shop.metropolitan.hu\/en\/product\/pulover\/","title":{"rendered":"F\u00e9rfi pul\u00f3ver"},"content":{"rendered":"<p>280 g\/m2 80% gy\u0171r\u0171s fon\u00e1s\u00fa pamut, 20% poli\u00e9szter, laza szab\u00e1s, dupla anyag\u00fa kapucni, kenguruzseb, hengeres h\u00faz\u00f3zsin\u00f3r, bord\u00e1zott mandzsetta \u00e9s szeg\u00e9ly<br \/>\nbolyhozott bels\u0151, dupla t\u0171z\u00e9s\u0171 kivitel, 100% pamut fel\u00fclet\u0171 sz\u00f6vet.<\/p>","protected":false},"excerpt":{"rendered":"<p>280 g\/m2 80% gy\u0171r\u0171s fon\u00e1s\u00fa pamut, 20% poli\u00e9szter, laza szab\u00e1s, dupla anyag\u00fa kapucni, kenguruzseb, hengeres h\u00faz\u00f3zsin\u00f3r, bord\u00e1zott mandzsetta \u00e9s szeg\u00e9ly bolyhozott bels\u0151, [&hellip;]<\/p>","protected":false},"featured_media":1957,"comment_status":"open","ping_status":"closed","template":"","meta":[],"product_brand":[],"product_cat":[25,18],"product_tag":[],"class_list":{"0":"post-1956","1":"product","2":"type-product","3":"status-publish","4":"has-post-thumbnail","6":"product_cat-pulover","7":"product_cat-ruhazat","9":"first","10":"instock","11":"taxable","12":"shipping-taxable","13":"purchasable","14":"product-type-variable"},"_links":{"self":[{"href":"https:\/\/shop.metropolitan.hu\/en\/wp-json\/wp\/v2\/product\/1956","targetHints":{"allow":["GET"]}}],"collection":[{"href":"https:\/\/shop.metropolitan.hu\/en\/wp-json\/wp\/v2\/product"}],"about":[{"href":"https:\/\/shop.metropolitan.hu\/en\/wp-json\/wp\/v2\/types\/product"}],"replies":[{"embeddable":true,"href":"https:\/\/shop.metropolitan.hu\/en\/wp-json\/wp\/v2\/comments?post=1956"}],"version-history":[{"count":3,"href":"https:\/\/shop.metropolitan.hu\/en\/wp-json\/wp\/v2\/product\/1956\/revisions"}],"predecessor-version":[{"id":2170,"href":"https:\/\/shop.metropolitan.hu\/en\/wp-json\/wp\/v2\/product\/1956\/revisions\/2170"}],"wp:featuredmedia":[{"embeddable":true,"href":"https:\/\/shop.metropolitan.hu\/en\/wp-json\/wp\/v2\/media\/1957"}],"wp:attachment":[{"href":"https:\/\/shop.metropolitan.hu\/en\/wp-json\/wp\/v2\/media?parent=1956"}],"wp:term":[{"taxonomy":"product_brand","embeddable":true,"href":"https:\/\/shop.metropolitan.hu\/en\/wp-json\/wp\/v2\/product_brand?post=1956"},{"taxonomy":"product_cat","embeddable":true,"href":"https:\/\/shop.metropolitan.hu\/en\/wp-json\/wp\/v2\/product_cat?post=1956"},{"taxonomy":"product_tag","embeddable":true,"href":"https:\/\/shop.metropolitan.hu\/en\/wp-json\/wp\/v2\/product_tag?post=1956"}],"curies":[{"name":"wp","href":"https:\/\/api.w.org\/{rel}","templated":true}]}}