{"id":1919,"date":"2025-12-01T14:18:29","date_gmt":"2025-12-01T13:18:29","guid":{"rendered":"https:\/\/shop.metropolitan.hu\/?post_type=product&#038;p=1919"},"modified":"2026-02-04T08:55:17","modified_gmt":"2026-02-04T07:55:17","slug":"baseball-sapka","status":"publish","type":"product","link":"https:\/\/shop.metropolitan.hu\/en\/product\/baseball-sapka\/","title":{"rendered":"Baseball sapka"},"content":{"rendered":"<p>260 g\/m2 , 100% sz\u00e1lcsiszolt pamut twill, Kontrasztos szendvics ellenz\u0151, m\u00e9ret f\u00e9mcsattal \u00e9s hurokkal \u00e1ll\u00edthat\u00f3<\/p>","protected":false},"excerpt":{"rendered":"<p>260 g\/m2 , 100% sz\u00e1lcsiszolt pamut twill, Kontrasztos szendvics ellenz\u0151, m\u00e9ret f\u00e9mcsattal \u00e9s hurokkal \u00e1ll\u00edthat\u00f3<\/p>","protected":false},"featured_media":1920,"comment_status":"open","ping_status":"closed","template":"","meta":[],"product_brand":[],"product_cat":[15],"product_tag":[],"class_list":{"0":"post-1919","1":"product","2":"type-product","3":"status-publish","4":"has-post-thumbnail","6":"product_cat-egyeb","8":"first","9":"instock","10":"taxable","11":"shipping-taxable","12":"purchasable","13":"product-type-variable"},"_links":{"self":[{"href":"https:\/\/shop.metropolitan.hu\/en\/wp-json\/wp\/v2\/product\/1919","targetHints":{"allow":["GET"]}}],"collection":[{"href":"https:\/\/shop.metropolitan.hu\/en\/wp-json\/wp\/v2\/product"}],"about":[{"href":"https:\/\/shop.metropolitan.hu\/en\/wp-json\/wp\/v2\/types\/product"}],"replies":[{"embeddable":true,"href":"https:\/\/shop.metropolitan.hu\/en\/wp-json\/wp\/v2\/comments?post=1919"}],"version-history":[{"count":1,"href":"https:\/\/shop.metropolitan.hu\/en\/wp-json\/wp\/v2\/product\/1919\/revisions"}],"predecessor-version":[{"id":1927,"href":"https:\/\/shop.metropolitan.hu\/en\/wp-json\/wp\/v2\/product\/1919\/revisions\/1927"}],"wp:featuredmedia":[{"embeddable":true,"href":"https:\/\/shop.metropolitan.hu\/en\/wp-json\/wp\/v2\/media\/1920"}],"wp:attachment":[{"href":"https:\/\/shop.metropolitan.hu\/en\/wp-json\/wp\/v2\/media?parent=1919"}],"wp:term":[{"taxonomy":"product_brand","embeddable":true,"href":"https:\/\/shop.metropolitan.hu\/en\/wp-json\/wp\/v2\/product_brand?post=1919"},{"taxonomy":"product_cat","embeddable":true,"href":"https:\/\/shop.metropolitan.hu\/en\/wp-json\/wp\/v2\/product_cat?post=1919"},{"taxonomy":"product_tag","embeddable":true,"href":"https:\/\/shop.metropolitan.hu\/en\/wp-json\/wp\/v2\/product_tag?post=1919"}],"curies":[{"name":"wp","href":"https:\/\/api.w.org\/{rel}","templated":true}]}}