{"id":1852,"date":"2025-11-13T10:27:54","date_gmt":"2025-11-13T09:27:54","guid":{"rendered":"https:\/\/shop.metropolitan.hu\/?post_type=product&#038;p=1852"},"modified":"2026-04-06T13:11:54","modified_gmt":"2026-04-06T11:11:54","slug":"hatizsak","status":"publish","type":"product","link":"https:\/\/shop.metropolitan.hu\/en\/product\/hatizsak\/","title":{"rendered":"H\u00e1tizs\u00e1k"},"content":{"rendered":"<p>Rolltop csavart z\u00e1r\u00f3d\u00e1s\u00fa h\u00e1tizs\u00e1k t\u00e9p\u0151z\u00e1rral, 390 g\/m\u00b2 vastag \u00fajrahasznos\u00edtott pamutb\u00f3l (80%) \u00e9s \u00fajrahasznos\u00edtott poli\u00e9szterb\u0151l (20%).<br data-start=\"200\" data-end=\"203\" \/>Cipz\u00e1ras el\u00fcls\u0151 zsebbel.<\/p>\n<p><strong data-start=\"229\" data-end=\"241\">M\u00e9retek:<\/strong> 26 \u00d7 14 \u00d7 56 cm<\/p>","protected":false},"excerpt":{"rendered":"<p>Rolltop csavart z\u00e1r\u00f3d\u00e1s\u00fa h\u00e1tizs\u00e1k t\u00e9p\u0151z\u00e1rral, 390 g\/m\u00b2 vastag \u00fajrahasznos\u00edtott pamutb\u00f3l (80%) \u00e9s \u00fajrahasznos\u00edtott poli\u00e9szterb\u0151l (20%).Cipz\u00e1ras el\u00fcls\u0151 zsebbel. M\u00e9retek: 26 \u00d7 14 \u00d7 [&hellip;]<\/p>","protected":false},"featured_media":2025,"comment_status":"open","ping_status":"closed","template":"","meta":[],"product_brand":[],"product_cat":[132],"product_tag":[],"class_list":{"0":"post-1852","1":"product","2":"type-product","3":"status-publish","4":"has-post-thumbnail","6":"product_cat-taskak","8":"first","9":"instock","10":"taxable","11":"shipping-taxable","12":"purchasable","13":"product-type-simple"},"_links":{"self":[{"href":"https:\/\/shop.metropolitan.hu\/en\/wp-json\/wp\/v2\/product\/1852","targetHints":{"allow":["GET"]}}],"collection":[{"href":"https:\/\/shop.metropolitan.hu\/en\/wp-json\/wp\/v2\/product"}],"about":[{"href":"https:\/\/shop.metropolitan.hu\/en\/wp-json\/wp\/v2\/types\/product"}],"replies":[{"embeddable":true,"href":"https:\/\/shop.metropolitan.hu\/en\/wp-json\/wp\/v2\/comments?post=1852"}],"version-history":[{"count":3,"href":"https:\/\/shop.metropolitan.hu\/en\/wp-json\/wp\/v2\/product\/1852\/revisions"}],"predecessor-version":[{"id":2028,"href":"https:\/\/shop.metropolitan.hu\/en\/wp-json\/wp\/v2\/product\/1852\/revisions\/2028"}],"wp:featuredmedia":[{"embeddable":true,"href":"https:\/\/shop.metropolitan.hu\/en\/wp-json\/wp\/v2\/media\/2025"}],"wp:attachment":[{"href":"https:\/\/shop.metropolitan.hu\/en\/wp-json\/wp\/v2\/media?parent=1852"}],"wp:term":[{"taxonomy":"product_brand","embeddable":true,"href":"https:\/\/shop.metropolitan.hu\/en\/wp-json\/wp\/v2\/product_brand?post=1852"},{"taxonomy":"product_cat","embeddable":true,"href":"https:\/\/shop.metropolitan.hu\/en\/wp-json\/wp\/v2\/product_cat?post=1852"},{"taxonomy":"product_tag","embeddable":true,"href":"https:\/\/shop.metropolitan.hu\/en\/wp-json\/wp\/v2\/product_tag?post=1852"}],"curies":[{"name":"wp","href":"https:\/\/api.w.org\/{rel}","templated":true}]}}