{"id":1848,"date":"2025-11-12T13:58:19","date_gmt":"2025-11-12T12:58:19","guid":{"rendered":"https:\/\/shop.metropolitan.hu\/?post_type=product&#038;p=1848"},"modified":"2026-01-22T11:39:10","modified_gmt":"2026-01-22T10:39:10","slug":"ujrahasznositott-rozsdamentes-acel-kulacs-ezust","status":"publish","type":"product","link":"https:\/\/shop.metropolitan.hu\/en\/product\/ujrahasznositott-rozsdamentes-acel-kulacs-ezust\/","title":{"rendered":"Rozsdamentes ac\u00e9l kulacs \u00fajrahasznos\u00edtott"},"content":{"rendered":"<p>ez\u00fcst, fekete<\/p>\n<p>790 ml<\/p>","protected":false},"excerpt":{"rendered":"<p>ez\u00fcst, fekete 790 ml<\/p>","protected":false},"featured_media":1877,"comment_status":"open","ping_status":"closed","template":"","meta":[],"product_brand":[],"product_cat":[15],"product_tag":[],"class_list":{"0":"post-1848","1":"product","2":"type-product","3":"status-publish","4":"has-post-thumbnail","6":"product_cat-egyeb","8":"first","9":"instock","10":"taxable","11":"shipping-taxable","12":"purchasable","13":"product-type-variable"},"_links":{"self":[{"href":"https:\/\/shop.metropolitan.hu\/en\/wp-json\/wp\/v2\/product\/1848","targetHints":{"allow":["GET"]}}],"collection":[{"href":"https:\/\/shop.metropolitan.hu\/en\/wp-json\/wp\/v2\/product"}],"about":[{"href":"https:\/\/shop.metropolitan.hu\/en\/wp-json\/wp\/v2\/types\/product"}],"replies":[{"embeddable":true,"href":"https:\/\/shop.metropolitan.hu\/en\/wp-json\/wp\/v2\/comments?post=1848"}],"version-history":[{"count":4,"href":"https:\/\/shop.metropolitan.hu\/en\/wp-json\/wp\/v2\/product\/1848\/revisions"}],"predecessor-version":[{"id":1881,"href":"https:\/\/shop.metropolitan.hu\/en\/wp-json\/wp\/v2\/product\/1848\/revisions\/1881"}],"wp:featuredmedia":[{"embeddable":true,"href":"https:\/\/shop.metropolitan.hu\/en\/wp-json\/wp\/v2\/media\/1877"}],"wp:attachment":[{"href":"https:\/\/shop.metropolitan.hu\/en\/wp-json\/wp\/v2\/media?parent=1848"}],"wp:term":[{"taxonomy":"product_brand","embeddable":true,"href":"https:\/\/shop.metropolitan.hu\/en\/wp-json\/wp\/v2\/product_brand?post=1848"},{"taxonomy":"product_cat","embeddable":true,"href":"https:\/\/shop.metropolitan.hu\/en\/wp-json\/wp\/v2\/product_cat?post=1848"},{"taxonomy":"product_tag","embeddable":true,"href":"https:\/\/shop.metropolitan.hu\/en\/wp-json\/wp\/v2\/product_tag?post=1848"}],"curies":[{"name":"wp","href":"https:\/\/api.w.org\/{rel}","templated":true}]}}