{"id":1831,"date":"2025-11-12T13:12:26","date_gmt":"2025-11-12T12:12:26","guid":{"rendered":"https:\/\/shop.metropolitan.hu\/?post_type=product&#038;p=1831"},"modified":"2026-02-04T08:54:12","modified_gmt":"2026-02-04T07:54:12","slug":"fairtrade-pamut-bevasarlotaska","status":"publish","type":"product","link":"https:\/\/shop.metropolitan.hu\/en\/product\/fairtrade-pamut-bevasarlotaska\/","title":{"rendered":"Fairtrade pamut bev\u00e1s\u00e1rl\u00f3t\u00e1ska"},"content":{"rendered":"<p>pamut bev\u00e1s\u00e1rl\u00f3t\u00e1ska hossz\u00fa f\u00fclekkel. 180 g vastag anyag.<\/p>","protected":false},"excerpt":{"rendered":"<p>pamut bev\u00e1s\u00e1rl\u00f3t\u00e1ska hossz\u00fa f\u00fclekkel. 180 g vastag anyag.<\/p>","protected":false},"featured_media":1903,"comment_status":"open","ping_status":"closed","template":"","meta":[],"product_brand":[],"product_cat":[132],"product_tag":[],"class_list":{"0":"post-1831","1":"product","2":"type-product","3":"status-publish","4":"has-post-thumbnail","6":"product_cat-taskak","8":"first","9":"instock","10":"taxable","11":"shipping-taxable","12":"purchasable","13":"product-type-variable"},"_links":{"self":[{"href":"https:\/\/shop.metropolitan.hu\/en\/wp-json\/wp\/v2\/product\/1831","targetHints":{"allow":["GET"]}}],"collection":[{"href":"https:\/\/shop.metropolitan.hu\/en\/wp-json\/wp\/v2\/product"}],"about":[{"href":"https:\/\/shop.metropolitan.hu\/en\/wp-json\/wp\/v2\/types\/product"}],"replies":[{"embeddable":true,"href":"https:\/\/shop.metropolitan.hu\/en\/wp-json\/wp\/v2\/comments?post=1831"}],"version-history":[{"count":4,"href":"https:\/\/shop.metropolitan.hu\/en\/wp-json\/wp\/v2\/product\/1831\/revisions"}],"predecessor-version":[{"id":1907,"href":"https:\/\/shop.metropolitan.hu\/en\/wp-json\/wp\/v2\/product\/1831\/revisions\/1907"}],"wp:featuredmedia":[{"embeddable":true,"href":"https:\/\/shop.metropolitan.hu\/en\/wp-json\/wp\/v2\/media\/1903"}],"wp:attachment":[{"href":"https:\/\/shop.metropolitan.hu\/en\/wp-json\/wp\/v2\/media?parent=1831"}],"wp:term":[{"taxonomy":"product_brand","embeddable":true,"href":"https:\/\/shop.metropolitan.hu\/en\/wp-json\/wp\/v2\/product_brand?post=1831"},{"taxonomy":"product_cat","embeddable":true,"href":"https:\/\/shop.metropolitan.hu\/en\/wp-json\/wp\/v2\/product_cat?post=1831"},{"taxonomy":"product_tag","embeddable":true,"href":"https:\/\/shop.metropolitan.hu\/en\/wp-json\/wp\/v2\/product_tag?post=1831"}],"curies":[{"name":"wp","href":"https:\/\/api.w.org\/{rel}","templated":true}]}}