{"id":1819,"date":"2025-11-12T10:54:46","date_gmt":"2025-11-12T09:54:46","guid":{"rendered":"https:\/\/shop.metropolitan.hu\/?post_type=product&#038;p=1819"},"modified":"2025-12-15T11:51:46","modified_gmt":"2025-12-15T10:51:46","slug":"a5-jegyzetfuzet-pu-kemenytablas-boritoval","status":"publish","type":"product","link":"https:\/\/shop.metropolitan.hu\/en\/product\/a5-jegyzetfuzet-pu-kemenytablas-boritoval\/","title":{"rendered":"Jegyzetf\u00fczet kem\u00e9nyt\u00e1bl\u00e1s feh\u00e9r"},"content":{"rendered":"<p>A5 jegyzetf\u00fczet,PU kem\u00e9nyt\u00e1bl\u00e1s bor\u00edt\u00f3val, C\u00e9rnaf\u0171z\u00f6tt. 192 sima oldal (96 lap) \u00fajrahasznos\u00edtott pap\u00edrb\u00f3l. Sz\u00ednben illeszked\u0151 elasztikus z\u00e1r\u00f3p\u00e1nt \u00e9s k\u00f6nyvjelz\u0151 szalag.<\/p>","protected":false},"excerpt":{"rendered":"<p>A5 jegyzetf\u00fczet,PU kem\u00e9nyt\u00e1bl\u00e1s bor\u00edt\u00f3val, C\u00e9rnaf\u0171z\u00f6tt. 192 sima oldal (96 lap) \u00fajrahasznos\u00edtott pap\u00edrb\u00f3l. Sz\u00ednben illeszked\u0151 elasztikus z\u00e1r\u00f3p\u00e1nt \u00e9s k\u00f6nyvjelz\u0151 szalag.<\/p>","protected":false},"featured_media":1912,"comment_status":"open","ping_status":"closed","template":"","meta":[],"product_brand":[],"product_cat":[100,98],"product_tag":[],"class_list":{"0":"post-1819","1":"product","2":"type-product","3":"status-publish","4":"has-post-thumbnail","6":"product_cat-fuzetek","7":"product_cat-irodaszerek","9":"first","10":"instock","11":"taxable","12":"shipping-taxable","13":"purchasable","14":"product-type-simple"},"_links":{"self":[{"href":"https:\/\/shop.metropolitan.hu\/en\/wp-json\/wp\/v2\/product\/1819","targetHints":{"allow":["GET"]}}],"collection":[{"href":"https:\/\/shop.metropolitan.hu\/en\/wp-json\/wp\/v2\/product"}],"about":[{"href":"https:\/\/shop.metropolitan.hu\/en\/wp-json\/wp\/v2\/types\/product"}],"replies":[{"embeddable":true,"href":"https:\/\/shop.metropolitan.hu\/en\/wp-json\/wp\/v2\/comments?post=1819"}],"version-history":[{"count":5,"href":"https:\/\/shop.metropolitan.hu\/en\/wp-json\/wp\/v2\/product\/1819\/revisions"}],"predecessor-version":[{"id":1918,"href":"https:\/\/shop.metropolitan.hu\/en\/wp-json\/wp\/v2\/product\/1819\/revisions\/1918"}],"wp:featuredmedia":[{"embeddable":true,"href":"https:\/\/shop.metropolitan.hu\/en\/wp-json\/wp\/v2\/media\/1912"}],"wp:attachment":[{"href":"https:\/\/shop.metropolitan.hu\/en\/wp-json\/wp\/v2\/media?parent=1819"}],"wp:term":[{"taxonomy":"product_brand","embeddable":true,"href":"https:\/\/shop.metropolitan.hu\/en\/wp-json\/wp\/v2\/product_brand?post=1819"},{"taxonomy":"product_cat","embeddable":true,"href":"https:\/\/shop.metropolitan.hu\/en\/wp-json\/wp\/v2\/product_cat?post=1819"},{"taxonomy":"product_tag","embeddable":true,"href":"https:\/\/shop.metropolitan.hu\/en\/wp-json\/wp\/v2\/product_tag?post=1819"}],"curies":[{"name":"wp","href":"https:\/\/api.w.org\/{rel}","templated":true}]}}