{"id":731,"date":"2022-08-16T10:28:02","date_gmt":"2022-08-16T08:28:02","guid":{"rendered":"https:\/\/demo.athemes.com\/sydney-fashion\/?page_id=731"},"modified":"2026-01-27T15:33:11","modified_gmt":"2026-01-27T14:33:11","slug":"rolunk","status":"publish","type":"page","link":"https:\/\/shop.metropolitan.hu\/en\/rolunk\/","title":{"rendered":"About Us"},"content":{"rendered":"<div data-elementor-type=\"wp-page\" data-elementor-id=\"731\" class=\"elementor elementor-731\">\n\t\t\t\t\t\t<section class=\"elementor-section elementor-top-section elementor-element elementor-element-f6dca25 elementor-section-boxed elementor-section-height-default elementor-section-height-default\" data-id=\"f6dca25\" data-element_type=\"section\" data-e-type=\"section\">\n\t\t\t\t\t\t<div class=\"elementor-container elementor-column-gap-no\">\n\t\t\t\t\t<div class=\"elementor-column elementor-col-100 elementor-top-column elementor-element elementor-element-a596882\" data-id=\"a596882\" data-element_type=\"column\" data-e-type=\"column\">\n\t\t\t<div class=\"elementor-widget-wrap elementor-element-populated\">\n\t\t\t\t\t\t<div class=\"elementor-element elementor-element-faccd2b elementor-widget elementor-widget-image\" data-id=\"faccd2b\" data-element_type=\"widget\" data-e-type=\"widget\" data-widget_type=\"image.default\">\n\t\t\t\t<div class=\"elementor-widget-container\">\n\t\t\t\t\t\t\t\t\t\t\t\t\t\t\t<img fetchpriority=\"high\" decoding=\"async\" width=\"1024\" height=\"1024\" src=\"https:\/\/shop.metropolitan.hu\/wp-content\/uploads\/2025\/12\/kekmagenta-fonix-1024x1024.png\" class=\"attachment-large size-large wp-image-2173\" alt=\"\" srcset=\"https:\/\/shop.metropolitan.hu\/wp-content\/uploads\/2025\/12\/kekmagenta-fonix-1024x1024.png 1024w, https:\/\/shop.metropolitan.hu\/wp-content\/uploads\/2025\/12\/kekmagenta-fonix-300x300.png 300w, https:\/\/shop.metropolitan.hu\/wp-content\/uploads\/2025\/12\/kekmagenta-fonix-150x150.png 150w, https:\/\/shop.metropolitan.hu\/wp-content\/uploads\/2025\/12\/kekmagenta-fonix-768x768.png 768w, https:\/\/shop.metropolitan.hu\/wp-content\/uploads\/2025\/12\/kekmagenta-fonix-12x12.png 12w, https:\/\/shop.metropolitan.hu\/wp-content\/uploads\/2025\/12\/kekmagenta-fonix-1000x1000.png 1000w, https:\/\/shop.metropolitan.hu\/wp-content\/uploads\/2025\/12\/kekmagenta-fonix-230x230.png 230w, https:\/\/shop.metropolitan.hu\/wp-content\/uploads\/2025\/12\/kekmagenta-fonix-350x350.png 350w, https:\/\/shop.metropolitan.hu\/wp-content\/uploads\/2025\/12\/kekmagenta-fonix-480x480.png 480w, https:\/\/shop.metropolitan.hu\/wp-content\/uploads\/2025\/12\/kekmagenta-fonix-420x420.png 420w, https:\/\/shop.metropolitan.hu\/wp-content\/uploads\/2025\/12\/kekmagenta-fonix-800x800.png 800w, https:\/\/shop.metropolitan.hu\/wp-content\/uploads\/2025\/12\/kekmagenta-fonix-100x100.png 100w, https:\/\/shop.metropolitan.hu\/wp-content\/uploads\/2025\/12\/kekmagenta-fonix-64x64.png 64w, https:\/\/shop.metropolitan.hu\/wp-content\/uploads\/2025\/12\/kekmagenta-fonix.png 1200w\" sizes=\"(max-width: 1024px) 100vw, 1024px\" \/>\t\t\t\t\t\t\t\t\t\t\t\t\t\t\t<\/div>\n\t\t\t\t<\/div>\n\t\t\t\t<div class=\"elementor-element elementor-element-95b24dd elementor-widget elementor-widget-heading\" data-id=\"95b24dd\" data-element_type=\"widget\" data-e-type=\"widget\" data-widget_type=\"heading.default\">\n\t\t\t\t<div class=\"elementor-widget-container\">\n\t\t\t\t\t<h1 class=\"elementor-heading-title elementor-size-default\">Fire, a METU f\u0151nixe \u2013 A meg\u00fajul\u00e1s \u00e9s k\u00f6z\u00f6ss\u00e9g szimb\u00f3luma<\/h1>\t\t\t\t<\/div>\n\t\t\t\t<\/div>\n\t\t\t\t\t<\/div>\n\t\t<\/div>\n\t\t\t\t\t<\/div>\n\t\t<\/section>\n\t\t\t\t<section class=\"elementor-section elementor-top-section elementor-element elementor-element-2d1adfe elementor-section-boxed elementor-section-height-default elementor-section-height-default\" data-id=\"2d1adfe\" data-element_type=\"section\" data-e-type=\"section\">\n\t\t\t\t\t\t<div class=\"elementor-container elementor-column-gap-no\">\n\t\t\t\t\t<div class=\"elementor-column elementor-col-100 elementor-top-column elementor-element elementor-element-d982672\" data-id=\"d982672\" data-element_type=\"column\" data-e-type=\"column\">\n\t\t\t<div class=\"elementor-widget-wrap elementor-element-populated\">\n\t\t\t\t\t\t<section class=\"elementor-section elementor-inner-section elementor-element elementor-element-0826788 elementor-section-boxed elementor-section-height-default elementor-section-height-default\" data-id=\"0826788\" data-element_type=\"section\" data-e-type=\"section\">\n\t\t\t\t\t\t<div class=\"elementor-container elementor-column-gap-no\">\n\t\t\t\t\t<div class=\"elementor-column elementor-col-100 elementor-inner-column elementor-element elementor-element-55bd0a0\" data-id=\"55bd0a0\" data-element_type=\"column\" data-e-type=\"column\">\n\t\t\t<div class=\"elementor-widget-wrap elementor-element-populated\">\n\t\t\t\t\t\t<div class=\"elementor-element elementor-element-38567bc elementor-widget__width-initial elementor-widget elementor-widget-text-editor\" data-id=\"38567bc\" data-element_type=\"widget\" data-e-type=\"widget\" data-widget_type=\"text-editor.default\">\n\t\t\t\t<div class=\"elementor-widget-container\">\n\t\t\t\t\t\t\t\t\t<h4><span style=\"color: #004b96;\">Fire, a f\u0151nixmad\u00e1r, a Budapesti Metropolitan Egyetem (METU) k\u00fcl\u00f6nleges kabalafigur\u00e1ja \u2013 egy olyan inspir\u00e1l\u00f3 jelk\u00e9p, amely t\u00falmutat a hagyom\u00e1nyos egyetemi szimb\u00f3lumokon. Fire a METU szellemis\u00e9g\u00e9t, \u00e9rt\u00e9krendj\u00e9t \u00e9s k\u00f6z\u00f6ss\u00e9g\u00e9t testes\u00edti meg: a <strong>folyamatos meg\u00fajul\u00e1s<\/strong>, az <strong>\u00e9lethosszig tart\u00f3 tanul\u00e1s<\/strong>, az alkot\u00e1s szabads\u00e1ga \u00e9s az \u00f6nmegval\u00f3s\u00edt\u00e1s t\u00e1mogat\u00e1sa ir\u00e1nti elk\u00f6telezetts\u00e9get.<\/span><\/h4><h6>A f\u0151nixmad\u00e1r t\u00f6rt\u00e9nete \u00e9vezredekre ny\u00falik vissza, \u00e9s sz\u00e1mos kult\u00far\u00e1ban \u2013 a nyugati mitol\u00f3gi\u00e1t\u00f3l a keleti filoz\u00f3fi\u00e1kig \u2013 a <strong>rem\u00e9ny, az \u00fajj\u00e1sz\u00fclet\u00e9s \u00e9s az \u00f6r\u00f6k k\u00f6rforg\u00e1s<\/strong> szimb\u00f3luma. A nyugati vil\u00e1gban a f\u0151nix gyakran a hamvaib\u00f3l felt\u00e1mad\u00f3 mad\u00e1rk\u00e9nt jelenik meg, aki mindig \u00faj er\u0151re kap, m\u00edg a keleti hagyom\u00e1nyokban \u2013 p\u00e9ld\u00e1ul K\u00edn\u00e1ban \u2013 a f\u0151nix (fenghuang) a <strong>harm\u00f3nia, a b\u00e9ke \u00e9s a n\u0151i princ\u00edpium<\/strong> hordoz\u00f3ja, aki az \u00e9g \u00e9s a f\u00f6ld k\u00f6z\u00f6tti egyens\u00falyt teremti meg.<\/h6><h3><strong>Egy kabala, amit a METU k\u00f6z\u00f6ss\u00e9ge v\u00e1lasztott<\/strong><\/h3><h6>A <strong>METU k\u00f6z\u00f6ss\u00e9ge k\u00f6z\u00f6sen szavazott<\/strong> arr\u00f3l, hogy f\u0151nixmad\u00e1r legyen az egyetem hivatalos kabal\u00e1ja. A v\u00e1laszt\u00e1s nem v\u00e9letlen: a f\u0151nix a <strong>meg\u00fajul\u00f3 tud\u00e1sba \u00e9s a hum\u00e1n potenci\u00e1lba vetett hit<\/strong> er\u0151teljes szimb\u00f3luma. A n\u00e9v m\u00f6g\u00f6tt teh\u00e1t nemcsak mitol\u00f3gia, hanem val\u00f3di k\u00f6z\u00f6ss\u00e9gi akarat \u00e9s azonosul\u00e1s rejlik.<br \/>Hissz\u00fck, hogy a tanul\u00e1s nem csup\u00e1n ismeretek \u00e1tad\u00e1s\u00e1t jelenti, hanem <strong>szeml\u00e9letform\u00e1l\u00e1st, fejl\u0151d\u00e9st \u00e9s felfedez\u00e9st<\/strong> \u2013 saj\u00e1t magunk \u00e9s a vil\u00e1g jobb meg\u00e9rt\u00e9se fel\u00e9.<\/h6><h3><strong>Fire a mindennapokban is vel\u00fcnk van<\/strong><\/h3><h6>Fire nem csak egy grafikai elem vagy kabala \u2013 szellemi t\u00e1rs, k\u00f6z\u00f6ss\u00e9gi inspir\u00e1ci\u00f3, aki minden METU-s sz\u00e1m\u00e1ra m\u00e1st jelent, de ugyanazt az \u00fczenetet hordozza:<\/h6><ul><li><h6><span style=\"color: #004b96;\">Amikor egy hallgat\u00f3 elbizonytalanodik, Fire eml\u00e9kezteti: b\u00e1rmikor \u00fajrakezdheted.<\/span><\/h6><\/li><li><h6><span style=\"color: #004b96;\">Amikor egy oktat\u00f3 \u00faj m\u00f3dszereket pr\u00f3b\u00e1l ki, Fire b\u00e1tor\u00edtja: merj k\u00eds\u00e9rletezni.<\/span><\/h6><\/li><li><h6><span style=\"color: #004b96;\">Amikor az egyetem \u00faj kih\u00edv\u00e1sok el\u00e9 \u00e1ll, Fire ott van: a v\u00e1ltoz\u00e1sban mindig ott rejlik a lehet\u0151s\u00e9g.<\/span><\/h6><\/li><\/ul><h6>A f\u0151nixmad\u00e1r, Fire, a METU szellemis\u00e9g\u00e9nek kulcsfontoss\u00e1g\u00fa eleme: a folyamatos meg\u00fajul\u00e1sra, a tudatos fejl\u0151d\u00e9sre \u00e9s az \u00e9rt\u00e9kalap\u00fa k\u00f6z\u00f6ss\u00e9g\u00e9p\u00edt\u00e9sre \u00f6szt\u00f6n\u00f6z. A METU-n\u00e1l valljuk, hogy a tud\u00e1s nem statikus: alkalmazkodik, fejl\u0151dik, \u00e9s \u00faj form\u00e1kat \u00f6lt \u2013 ahogyan Fire is minden \u00fajrakezd\u00e9s\u00e9vel egyre er\u0151sebben t\u00e9r vissza. Fire t\u00f6rt\u00e9nete teh\u00e1t a mi t\u00f6rt\u00e9net\u00fcnk \u2013 k\u00f6z\u00f6sen, \u00e9rt\u00e9kek ment\u00e9n, a j\u00f6v\u0151re f\u00f3kusz\u00e1lva.<\/h6>\t\t\t\t\t\t\t\t<\/div>\n\t\t\t\t<\/div>\n\t\t\t\t\t<\/div>\n\t\t<\/div>\n\t\t\t\t\t<\/div>\n\t\t<\/section>\n\t\t\t\t\t<\/div>\n\t\t<\/div>\n\t\t\t\t\t<\/div>\n\t\t<\/section>\n\t\t\t\t<\/div>","protected":false},"excerpt":{"rendered":"<p>Fire, a METU f\u0151nixe \u2013 A meg\u00fajul\u00e1s \u00e9s k\u00f6z\u00f6ss\u00e9g szimb\u00f3luma Fire, a f\u0151nixmad\u00e1r, a Budapesti Metropolitan Egyetem (METU) k\u00fcl\u00f6nleges kabalafigur\u00e1ja \u2013 egy [&hellip;]<\/p>","protected":false},"author":1,"featured_media":0,"parent":0,"menu_order":0,"comment_status":"closed","ping_status":"closed","template":"page-templates\/page_front-page.php","meta":{"footnotes":""},"class_list":["post-731","page","type-page","status-publish","hentry"],"_links":{"self":[{"href":"https:\/\/shop.metropolitan.hu\/en\/wp-json\/wp\/v2\/pages\/731","targetHints":{"allow":["GET"]}}],"collection":[{"href":"https:\/\/shop.metropolitan.hu\/en\/wp-json\/wp\/v2\/pages"}],"about":[{"href":"https:\/\/shop.metropolitan.hu\/en\/wp-json\/wp\/v2\/types\/page"}],"author":[{"embeddable":true,"href":"https:\/\/shop.metropolitan.hu\/en\/wp-json\/wp\/v2\/users\/1"}],"replies":[{"embeddable":true,"href":"https:\/\/shop.metropolitan.hu\/en\/wp-json\/wp\/v2\/comments?post=731"}],"version-history":[{"count":31,"href":"https:\/\/shop.metropolitan.hu\/en\/wp-json\/wp\/v2\/pages\/731\/revisions"}],"predecessor-version":[{"id":2485,"href":"https:\/\/shop.metropolitan.hu\/en\/wp-json\/wp\/v2\/pages\/731\/revisions\/2485"}],"wp:attachment":[{"href":"https:\/\/shop.metropolitan.hu\/en\/wp-json\/wp\/v2\/media?parent=731"}],"curies":[{"name":"wp","href":"https:\/\/api.w.org\/{rel}","templated":true}]}}