{"id":1320,"date":"2022-12-02T16:55:42","date_gmt":"2022-12-02T15:55:42","guid":{"rendered":"https:\/\/shop.metropolitan.hu\/?page_id=1320"},"modified":"2023-01-19T12:46:18","modified_gmt":"2023-01-19T11:46:18","slug":"impresszum","status":"publish","type":"page","link":"https:\/\/shop.metropolitan.hu\/en\/impresszum\/","title":{"rendered":"Impressum"},"content":{"rendered":"<p><strong>Szolg\u00e1ltat\u00f3 neve:<\/strong> Budapest Metropolitan University<\/p>\n<p><strong>C\u00edm:<\/strong> 1148 Budapest, Nagy Lajos kir\u00e1ly \u00fatja 1-9.<\/p>\n<p><strong>E-mail:<\/strong> shop@metropolitan.hu<\/p>\n<p><strong>Honlap:<\/strong> shop.metropolitan.hu<\/p>\n<p><strong>A szolg\u00e1ltat\u00f3t nyilv\u00e1ntart\u00f3 szerv:<\/strong> Oktat\u00e1si Hivatal<\/p>\n<p><strong>Int\u00e9zm\u00e9nyi azonos\u00edt\u00f3:<\/strong> FI33842<\/p>\n<p><strong>Ad\u00f3sz\u00e1m:<\/strong> 18172636-2-42<\/p>\n<p><strong>T\u00e1rhelyszolg\u00e1ltat\u00f3:<\/strong><br \/>\nT\u00e1rhely.Eu Kft.<br \/>\n<a href=\"tel:+36 1 789-2-789\">+36 1 789-2-789<\/a><br \/>\n1097\u00a0Budapest,\u00a0K\u00f6nyves K\u00e1lm\u00e1n k\u00f6r\u00fat 12-14.<br \/>\n<a href=\"https:\/\/tarhely.eu\/\">tarhely.eu<\/a><\/p>","protected":false},"excerpt":{"rendered":"<p>Szolg\u00e1ltat\u00f3 neve: Budapesti Metropolitan Egyetem C\u00edm: 1148 Budapest, Nagy Lajos kir\u00e1ly \u00fatja 1-9. E-mail: shop@metropolitan.hu Honlap: shop.metropolitan.hu A szolg\u00e1ltat\u00f3t nyilv\u00e1ntart\u00f3 szerv: Oktat\u00e1si [&hellip;]<\/p>","protected":false},"author":1,"featured_media":0,"parent":0,"menu_order":0,"comment_status":"closed","ping_status":"open","template":"page-templates\/page_fullwidth.php","meta":{"footnotes":""},"class_list":["post-1320","page","type-page","status-publish","hentry"],"_links":{"self":[{"href":"https:\/\/shop.metropolitan.hu\/en\/wp-json\/wp\/v2\/pages\/1320","targetHints":{"allow":["GET"]}}],"collection":[{"href":"https:\/\/shop.metropolitan.hu\/en\/wp-json\/wp\/v2\/pages"}],"about":[{"href":"https:\/\/shop.metropolitan.hu\/en\/wp-json\/wp\/v2\/types\/page"}],"author":[{"embeddable":true,"href":"https:\/\/shop.metropolitan.hu\/en\/wp-json\/wp\/v2\/users\/1"}],"replies":[{"embeddable":true,"href":"https:\/\/shop.metropolitan.hu\/en\/wp-json\/wp\/v2\/comments?post=1320"}],"version-history":[{"count":5,"href":"https:\/\/shop.metropolitan.hu\/en\/wp-json\/wp\/v2\/pages\/1320\/revisions"}],"predecessor-version":[{"id":1351,"href":"https:\/\/shop.metropolitan.hu\/en\/wp-json\/wp\/v2\/pages\/1320\/revisions\/1351"}],"wp:attachment":[{"href":"https:\/\/shop.metropolitan.hu\/en\/wp-json\/wp\/v2\/media?parent=1320"}],"curies":[{"name":"wp","href":"https:\/\/api.w.org\/{rel}","templated":true}]}}